{"id":10,"date":"2018-10-01T18:59:11","date_gmt":"2018-10-01T18:59:11","guid":{"rendered":"http:\/\/www.protv-repair.com\/lafuente\/dup\/?page_id=10"},"modified":"2022-08-11T00:32:08","modified_gmt":"2022-08-11T00:32:08","slug":"our-menu","status":"publish","type":"page","link":"https:\/\/www.protv-repair.com\/lafuente\/dup\/our-menu\/","title":{"rendered":"Our Menu"},"content":{"rendered":"<h2 style=\"text-align: center;\"><strong><a href=\"https:\/\/online.skytab.com\/c0deaf810ae593655f672b913f18ae99\">Order Online<\/a><\/strong><\/h2>\n<p style=\"text-align: center;\"><strong>OUR MEATS<\/strong><\/p>\n<hr \/>\n<p style=\"text-align: center;\"><span style=\"color: #ff6600;\"><strong>Steak\/ Asada &#8211; Chicken\/Pollo\u00a0 \u00a0 Shredded Beef\/ Cabeza\u00a0 Shredded Pork\/ Carnitas &#8211; Seasoned Pork\/Pastor Sausage\/Chorizo\u00a0 Tongue\/ Lengua BBQ\/ Barbacoa\u00a0 Lengua and Chorizo\u00a0 \u00a0$.95 extra.<\/strong><\/span><\/p>\n<hr \/>\n<h1 style=\"text-align: center;\"><span style=\"color: #ff6600;\"><strong>Tacos<\/strong><\/span><\/h1>\n<p><strong>Three Tacos Mexicanos<\/strong> -Corn tortilla, onions, and cilantro. With choice of meat 12.75<br \/>\nLengua and Chorizo 5.20 each<\/p>\n<p><strong>Three Crispy Tacos<\/strong> -Crispy corn tortillas, lettuce, onions, tomatoes, cheese and sour cream. With choice of meat 11.95<\/p>\n<p><strong>Three Soft Tacos<\/strong> -Flour tortilla, lettuce, onions, tomatoes, cheese, and sour cream. With choice of meat 12.75<\/p>\n<p><strong> Two Empanadas Con Carne<\/strong> -Fresh made crispy corn tortilla filled with your choice of meat. Topped with sour cream cotija cheese, and lettuce 9.95<\/p>\n<div class=\"fmp-container-fluid fmp-wrapper fmp\"><\/div>\n<div class=\"fmp-container-fluid fmp-wrapper fmp\"><\/div>\n<div class=\"fmp-container-fluid fmp-wrapper fmp\"><\/div>\n<div class=\"fmp-container-fluid fmp-wrapper fmp\"><\/div>\n<h1 style=\"text-align: center;\"><span style=\"color: #ff6600;\"><strong>Tostadas<\/strong><\/span><\/h1>\n<p><strong>Two Tostadas Con Carne<\/strong> -Meat of choice, beans, cabbage, pico de gallo, cotija cheese, and sour cream 11.25<\/p>\n<p><strong>Two Tostadas De Camar\u00f3nes Asados<\/strong> -Grilled shrimp served on corn tostadas base of beans topped with cabbage, onions, cilantro, tomatoes, cheese, beans and sour cream 12.25<\/p>\n<p><strong>Two Tostadas De Ceviche De Camar\u00f3n<\/strong> -Raw shrimp marinated<br \/>\nin lime juice mixed with pico de gallo served on corn<br \/>\ntostadas with avocado 11.50<\/p>\n<h1 style=\"text-align: center;\"><span style=\"color: #ff6600;\"><strong>Kids Menu\u00a0<\/strong><\/span><\/h1>\n<p style=\"text-align: center;\">(All $8.25)\u00a0 <strong>Kids items are served with beans &amp; Rice Or French Fries on the side.<\/strong><\/p>\n<ul>\n<li><strong>Burrito<\/strong> de Frijol con Queso Bean and cheese burrito<\/li>\n<li><strong>Burrito<\/strong> con PolloChicken burrito<\/li>\n<li><strong>Flour<\/strong> Tortilla <strong>Quesadilla<\/strong> con<strong> Pollo<\/strong> Chicken quesadilla<\/li>\n<li><strong>Taco Mexicano<\/strong> con Carne de su Gusto Corn tortilla taco<\/li>\n<li><strong>Pollo Empanizado<\/strong> con Papas Chicken tenders with fries<\/li>\n<li style=\"text-align: left;\"><strong>Quesadilla de Queso<\/strong> Cheese quesadilla<\/li>\n<\/ul>\n<h6><span style=\"color: #339966;\"><em>Kids\u2019 items are served with beans and rice or french fries on the side <\/em> <em>Platillos para ni\u00f1os son servidos con arroz y frijoles o papas fritas<\/em><\/span><\/h6>\n<p style=\"text-align: center;\"><div class=\"fmp-container-fluid fmp-wrapper fmp\"><\/div><\/p>\n<h1 style=\"text-align: center;\"><span style=\"color: #ff6600;\"><strong>Home Style Specialities<\/strong><\/span><\/h1>\n<p><span style=\"color: #000000;\"><strong>Mol\u00e9 Chicken<\/strong> served in a zesty mol\u00e9 sauce<br \/>\nmade from scratch\u202619.95<br \/>\n<\/span><\/p>\n<p><span style=\"color: #000000;\"><strong>Milanesa de Res<\/strong> Grilled iron steak dry rubbed with spices and served with<br \/>\nchoice of rice and beans or salad\u202620.25<br \/>\n<\/span><\/p>\n<p><span style=\"color: #000000;\"><strong>Mojarra Pescado Frito<\/strong> Fried tilapia fish, with choice of rice and beans or salad\u202620.95<br \/>\n<\/span><\/p>\n<p><span style=\"color: #000000;\"><strong>Mojarra al Mojo de Ajo<\/strong> Fried tilapia fish with roasted garlic, mushrooms and onions<br \/>\nwith choice of rice and beans or salad\u202623.95<br \/>\n<\/span><\/p>\n<p><span style=\"color: #000000;\"><strong>Chile Relleno de Queso <\/strong>Chile poblano stuffed with cotija cheese<br \/>\nand topped with tomato sauce\u202618.95<br \/>\n<\/span><\/p>\n<p><span style=\"color: #000000;\"><strong>Puerco en Chile Colorado<\/strong><br \/>\nPork spare ribs served in bracing Colorado sauce\u202620.50<br \/>\n<\/span><\/p>\n<p><span style=\"color: #000000;\"><strong>Barbacoa de Res<\/strong>Tender shredded beef marinated in traditional<br \/>\nBarbacoa sauce\u202621.95 Con consume<span style=\"color: #ff0000;\"> 2.50<\/span><br \/>\n<\/span><\/p>\n<p><span style=\"color: #000000;\"><strong>Carne al Pastor <\/strong>Seasoned pork served with fresh pineapple\u202620.95<br \/>\n<\/span><\/p>\n<p><span style=\"color: #000000;\"><strong>Carnitas de Puerco <\/strong>Shredded pork served with its long-established<br \/>\nhome flavor of Michoac\u00e1n\u202620.95<br \/>\n<\/span><\/p>\n<p><span style=\"color: #000000;\"><strong>Tres Enchiladas <\/strong>Three enchiladas grilled in your choice of red, green<br \/>\nor zesty mol\u00e9 sauce (no tortillas)\u202619.95<br \/>\n<span style=\"color: #ff0000;\">Add 1.00 for Mol\u00e9<\/span><br \/>\n<\/span><\/p>\n<p><span style=\"color: #000000;\"><strong>Bistek Encebollado* <\/strong>Hand cut iron grilled steak served<br \/>\nwith grilled onions\u202620.95<br \/>\n<\/span><\/p>\n<p><span style=\"color: #000000;\"><strong>Bistek con Camar\u00f3nes * <\/strong>Hand cut steak served with grilled shrimp and onions\u202625.95<br \/>\n<\/span><\/p>\n<p><span style=\"color: #000000;\"><strong>Fajitas de Pollo, \u00f3 Camar\u00f3nes \u00f3 Res<\/strong><br \/>\nServed with your choice of chicken, shrimp or beef fajita style<br \/>\nmeat. Mixed with saut\u00e9ed vegetables\u202619.95 <\/span><span style=\"color: #000000;\">Fajitas Camar\u00f3n <span style=\"color: #ff0000;\">24.95<\/span><br \/>\n<\/span><\/p>\n<p><span style=\"color: #000000;\"><strong>Pollo a la Crema<\/strong><br \/>\nChicken cooked in a cream sauce, onions, mushrooms,<br \/>\nserved only on a bed of rice\u202618.25<br \/>\n<\/span><\/p>\n<p><span style=\"color: #000000;\"><strong>Camar\u00f3nes a la Diabla<\/strong><br \/>\nShrimp, onions, and mushrooms mixed<br \/>\nwith a savory hot sauce\u202623.95<br \/>\n<\/span><\/p>\n<p><span style=\"color: #000000;\"><strong>Camar\u00f3nes al Mojo de Ajo<\/strong><br \/>\nTwelve buttery garlic shrimp mixed with mushrooms<br \/>\nand grilled onions (spicy)\u202624.95<br \/>\n<\/span><\/p>\n<h6><span style=\"color: #339966;\">*Consuming raw or undercooked meats, poultry, seafood, shellfish or eggs may increase your risk of food-borne illness<\/span><\/h6>\n<div class=\"fmp-container-fluid fmp-wrapper fmp\"><\/div>\n<h1 style=\"text-align: center;\"><span style=\"color: #ff6600;\"><strong>Desayunos<\/strong><\/span><\/h1>\n<p><strong>Breakfast Burrito<\/strong> Flour tortilla filled with eggs, chorizo,<br \/>\ncheddar cheese, rice and beans\u202611.50<\/p>\n<p><strong>Huevos con Jam\u00f3n <\/strong>Scrambled eggs with ham, rice, beans, jalape\u00f1os,<br \/>\nand flour tortillas\u202614.75<\/p>\n<p><strong>Chilaquiles * <\/strong>Fried tortillas with a spicy sauce, eggs,<br \/>\nlettuce, sour cream, onions and cheese<br \/>\nwith choice of meat\u202617.25<\/p>\n<p><strong>Two Huevos Rancheros * <\/strong>Two eggs on corn tortillas, tomato sauce, cheese and green onions, served with rice and beans\u202616.95<\/p>\n<p><strong>Huevo con Chorizo<\/strong><br \/>\nMixed chorizo with eggs, rice, beans, and flour tortillas\u202615.25<\/p>\n<p><strong>Huevos a la Mexicana<\/strong><br \/>\nScrambled eggs with tomato and onion. Served with fresh rice<br \/>\nand beans and handmade tortillas\u202614.95<\/p>\n<p><strong>Bistek con Huevos<\/strong><br \/>\nHand cut steak with two over well eggs<br \/>\nwith beans, rice and freshly hand made tortillas\u202620.90<\/p>\n<h6><span style=\"color: #339966;\"><em>*Consuming raw or undercooked meats, poultry, seafood, shellfish or eggs may increase your risk of food-borne illness<\/em><\/span><\/h6>\n<div class=\"fmp-container-fluid fmp-wrapper fmp\"><\/div>\n<h1 style=\"text-align: center;\"><span style=\"color: #ff6600;\"><strong>Traditional Specialities<\/strong><\/span><\/h1>\n<p><strong>Two Soft Tacos<\/strong> Flour tortilla with your choice of meat, lettuce, onion,<br \/>\ntomatoes, cheddar cheese and sour cream.<br \/>\nServed with rice and beans\u202614.95<\/p>\n<p><strong>Two Cheese Enchiladas<\/strong> Filled with cotija and cheddar cheese and topped<br \/>\nwith melted cheddar cheese, lettuce, cotija cheese,<br \/>\nand sour cream. Served with rice and beans\u202612.25<\/p>\n<p><strong>Two Mex Tacos <\/strong>Fresh hand made corn tortillas with your choice of meat,<br \/>\nonions, cilantro, and lettuce.<br \/>\nServed with rice and beans\u202614.50<\/p>\n<p><strong>Quesadilla <\/strong>Flour tortilla filled with meat and cheese. Served with rice<br \/>\nand beans. Lettuce and sour cream on the side\u202613.50<\/p>\n<p><strong>Santa Fe Quesadilla <\/strong>Flour tortilla filled with pepper jack, roasted corn, bell peppers,<br \/>\nblack beans, tomatoes, lettuce, and sour cream.<br \/>\nServed with rice and beans\u202613.95<br \/>\n<span style=\"color: #ff0000;\">Add grilled chicken 2.50<\/span><\/p>\n<p><strong>Burrito con Carne<\/strong><br \/>\nFlour tortilla filled with your choice of meat, rice, beans,<br \/>\nand cheddar jack. Served with pico de gallo, lettuce, and sour<br \/>\ncream on the side. Served with rice and beans\u202613.95<\/p>\n<p><strong>Two Crispy Tacos <\/strong>Crispy corn tortillas, your choice of meat, lettuce, onions, tomatoes,<br \/>\ncheddar cheese, and sour cream. Served with rice and beans\u202614.50<\/p>\n<p><strong>Chimichanga <\/strong>Filled with your choice of meat, cheddar cheese, pico de gallo,<br \/>\nlettuce, and sour cream on the side. Topped with our spicy<br \/>\ngreen sauce. Served with rice and beans\u202615.95<\/p>\n<p><strong>Two Tamales en Chile Verde <\/strong>Two pork tamales covered in chile verde and melted cheddar<br \/>\ncheese with sour cream. Served with rice and beans\u202614.95<\/p>\n<p><strong>Two Empanadas <\/strong>Your choice of meat, topped with sour cream, cotija cheese,<br \/>\nand fresh lettuce. Served with rice and beans\u202614.95<\/p>\n<p><strong>Two Enchiladas con Carne<\/strong> Meat of your choice, freshly garnished vegetables, cotija<br \/>\ncheese and sour cream. With your choice of green or red<br \/>\nsauce. Served with rice and beans\u202614.95<\/p>\n<p><strong>Two Sopes con Carne <\/strong>Filled with beans and your choice of meat, cabbage,<br \/>\nonions, cilantro, cotija cheese and sour cream.<br \/>\nServed with rice and beans\u202615.50<\/p>\n<p><strong>Two Gorditas <\/strong>Filled with your choice of meat, queso Oaxaca, lettuce, cotija<br \/>\ncheese, and sour cream. Served with rice and beans\u202615.50<\/p>\n<p><strong>Two Mol\u00e9 Enchiladas <\/strong>Served with our zesty mol\u00e9 sauce and freshly garnished<br \/>\nvegetables. Topped with cotija cheese and sour cream.<br \/>\nServed with rice and beans\u202616.25<\/p>\n<p><strong>Two Tacos de Pescado <\/strong>Grilled white fish with a creamy chipotle sauce on corn tortillas,<br \/>\ngarnished with cabbage, onions, and cilantro.<br \/>\nServed with rice and beans\u202615.95<\/p>\n<h6><span style=\"color: #339966;\"><em>*Consuming raw or undercooked meats, poultry, seafood, shellfish or eggs may increase your risk of food-borne illness<\/em><\/span><\/h6>\n<div class=\"fmp-container-fluid fmp-wrapper fmp\"><\/div>\n<h1 style=\"text-align: center;\"><span style=\"color: #ff6600;\"><strong>Salads &amp; Soups<\/strong><\/span><\/h1>\n<p><strong>Caldo de Pollo <\/strong>Traditional flavor from Uruapan\u2019s homestyle kitchen. Chicken soup with freshly cooked vegetables and rice served on the side\u202616.95<\/p>\n<p><strong>Caldo de Camar\u00f3n <\/strong>Shrimp stew. Served with your choice of tortillas or toasted telera bread\u202619.50<\/p>\n<p><strong>Menudo <\/strong>Beef honeycomb tripe stew. Served Saturday and Sunday only\u202615.25<\/p>\n<p><strong>Caldo de Mariscos\u00a0 <\/strong>Seafood stew with shrimp, fish, mussels, squid, scallops, calamari and a variety of vegetables. Served with corn tortillas or toasted telera bread\u202624.95<\/p>\n<p><strong>Caldo de Pescado <\/strong>Fish stew. Available with whole fish or filet style. Served with corn tortillas or toasted telera bread\u202618.95 <span style=\"color: #ff0000;\"><strong><em>Add whole fish 4.25<\/em><\/strong><\/span><\/p>\n<p><strong>Caldo de Res <\/strong>Beef stew. Served with corn tortillas\u202619.25<\/p>\n<p><strong>Pozole<\/strong> Hominy stew with shredded pork. Served with tostadas or corn tortillas. Served Friday, Saturday and Sunday only\u202619.95<\/p>\n<h4><em><span style=\"color: #0000ff;\">Seasonal soup \/ Caldos son temporales<\/span>\u00a0<\/em><\/h4>\n<p><strong>Garden Salad <\/strong>8.95<\/p>\n<p><strong>Grilled Chicken Salad <\/strong>12.50<\/p>\n<p><strong>Taco Salad<\/strong> 11.95<\/p>\n<p><strong>Grilled Chicken Taco Salad<\/strong>13.95<br \/>\n<em>Dressings<\/em><br \/>\nRanch, Chipotle Ranch, Italian, Thousand Island<\/p>\n<div class=\"fmp-container-fluid fmp-wrapper fmp\"><\/div>\n<h1 style=\"text-align: center;\"><span style=\"color: #ff6600;\"><strong>Originals<\/strong><\/span><\/h1>\n<p><strong>Nachos<\/strong><br \/>\nMeat of your choice, beans, lettuce, pico de gallo,<br \/>\nred enchilada salsa, sour cream and cheese\u202613.25<\/p>\n<p><strong>Huarache<\/strong><br \/>\nLarge gordita covered in red enchilada sauce, meat of your<br \/>\nchoice, beans, onions, tomatoes and cilantro. Topped with<br \/>\navocado, cabbage, cotija cheese and sour cream\u202615.50<\/p>\n<p><strong>Chavideca<\/strong><br \/>\nTwo large corn tortillas stuffed with beans, cheddar cheese<br \/>\nand meat of your choice. Topped with avocado, cabbage,<br \/>\njalape\u00f1os, cotija cheese and sour cream\u202614.95<\/p>\n<p><strong>Large Quesadilla<\/strong><br \/>\nFlour tortilla filled with meat, cheese, lettuce and sour cream\u20267.95<\/p>\n<p><strong>Shrimp or Seafood Medley Cocktail<\/strong><br \/>\nOur very own cocktail blend with fresh shrimp, tomatoes,<br \/>\nonions, cilantro and avocado. Served with saltine crackers<br \/>\non the side\u202618.95<br \/>\n<span style=\"color: #ff0000;\"><em>Campechana 24.95<\/em><\/span><\/p>\n<p><strong>Orden de Ceviche de Camar\u00f3n<\/strong><br \/>\nRaw shrimp marinated in lime juice and mixed with pico de<br \/>\ngallo, served with tostadas and avocado on the side\u202615.50<\/p>\n<p><strong>Enchiladas de Uruapan<\/strong><br \/>\nFive chicken enchiladas, cabbage, potato, carrot, jalape\u00f1os, avocado, sour cream and cotija cheese\u202619.95<\/p>\n<h1 style=\"text-align: center;\"><span style=\"color: #ff6600;\"><strong>Burritos<\/strong><\/span><\/h1>\n<h2><strong><em>All burritos are served on flour tortilla filled with rice, beans and your choice of meat.<\/em><\/strong><\/h2>\n<p><strong>Burrito Chile Colorado<\/strong><br \/>\nChoice of meat with rice, beans and cheese.<br \/>\nCovered in our bracing Colorado sauce\u202613.95<\/p>\n<p><strong>Guacamole Burrito<\/strong><br \/>\nGuacamole mixed with tomatoes, cilantro<br \/>\nand cheddar cheese\u202612.50<\/p>\n<p><strong>Burrito Enchilado<\/strong><br \/>\nFilled with cheddar cheese and covered in green<br \/>\n&amp; red sauce, tomatoes, green onions and sour cream\u202613.95<\/p>\n<p><strong>Burrito a la Crema<\/strong><br \/>\nBurrito with any meat covered<br \/>\nin a cream sauce\u202615.95<\/p>\n<p><strong>Chile Verde Burrito<\/strong><br \/>\nFilled with carnitas, rice, beans, covered in chile verde<br \/>\nand melted cheddar cheese\u202613.95<\/p>\n<p><strong>Original Burrito<\/strong><br \/>\nServed with your choice of meat, cheddar jack cheese<br \/>\nand sour cream\u202610.50<\/p>\n<p><strong>Chile Relleno Burrito<\/strong><br \/>\nFilled with one chile relleno topped with tomato sauce<br \/>\nand cotija cheese\u202615.50<br \/>\n<em>With meat add 2.50<\/em><\/p>\n<p><strong>Veggie Burrito<\/strong><br \/>\nLettuce, cabbage, tomatoes, onions, cilantro, jalape\u00f1os,<br \/>\navocado and cheddar cheese\u202610.95<br \/>\n<em>With meat add 2.50<\/em><\/p>\n<p><strong>Santa Fe Burrito<\/strong><br \/>\nServed on a flour tortilla with your choice of meat stuffed with<br \/>\ncorn, bell peppers, rice, black beans, pepper jack cheese,<br \/>\nlettuce, and chipotle ranch\u202612.95<br \/>\n<em>Add grilled chicken 2.50<\/em><\/p>\n<div class=\"fmp-container-fluid fmp-wrapper fmp\"><\/div>\n<h1 style=\"text-align: center;\"><span style=\"color: #ff6600;\"><strong>Beverages<\/strong><\/span><\/h1>\n<p><strong>Fountain Drinks:<\/strong><br \/>\nCoca Cola, Diet Coke, Dr. Pepper, Fanta, Barq\u2019s Root Beer,<br \/>\nLemonade, Sprite, Iced Tea, Mellow Yellow<br \/>\n(one free refill)\u20263.75<\/p>\n<p><strong>Aguas Frescas<\/strong><br \/>\nHorchata y Jamaica\u20263.95<\/p>\n<p><strong>Wine<\/strong><br \/>\nWoodbridge: Merlot, Cabernet, Chardonnay<br \/>\nClos Dubois: Merlot, Cabernet, Chardonnay<\/p>\n<p><strong>Draft Beer<\/strong><br \/>\nModelo, XX Amber, Pacifico, Negra Modelo, Nikassi IPA, (Rotated)<\/p>\n<p><strong>Margaritas<\/strong><br \/>\nHouse, Cadillac, Lava Flat, Fresh Fruit Margaritas, Coronita Margarita,<\/p>\n<p><strong>Tequilas<\/strong><br \/>\nCome on down with a grand Selection to choose from<\/p>\n<div class=\"fmp-container-fluid fmp-wrapper fmp\"><\/div>\n<h2 style=\"text-align: center;\"><strong><a href=\"https:\/\/online.skytab.com\/c0deaf810ae593655f672b913f18ae99\">Order Online<\/a><\/strong><\/h2>\n","protected":false},"excerpt":{"rendered":"<p>Order Online OUR MEATS Steak\/ Asada &#8211; Chicken\/Pollo\u00a0 \u00a0 Shredded Beef\/ Cabeza\u00a0 Shredded Pork\/ Carnitas &#8211; Seasoned Pork\/Pastor Sausage\/Chorizo\u00a0 Tongue\/ Lengua BBQ\/ Barbacoa\u00a0 Lengua and Chorizo\u00a0 \u00a0$.95 extra. Tacos Three Tacos Mexicanos -Corn tortilla, onions, and cilantro. With choice of meat 12.75 Lengua and Chorizo 5.20 each Three Crispy Tacos -Crispy corn tortillas, lettuce, onions, &hellip; <\/p>\n<p class=\"link-more\"><a href=\"https:\/\/www.protv-repair.com\/lafuente\/dup\/our-menu\/\" class=\"more-link\">Continue reading<span class=\"screen-reader-text\"> &#8220;Our Menu&#8221;<\/span><\/a><\/p>\n","protected":false},"author":1,"featured_media":0,"parent":0,"menu_order":0,"comment_status":"closed","ping_status":"closed","template":"","meta":[],"_links":{"self":[{"href":"https:\/\/www.protv-repair.com\/lafuente\/dup\/wp-json\/wp\/v2\/pages\/10"}],"collection":[{"href":"https:\/\/www.protv-repair.com\/lafuente\/dup\/wp-json\/wp\/v2\/pages"}],"about":[{"href":"https:\/\/www.protv-repair.com\/lafuente\/dup\/wp-json\/wp\/v2\/types\/page"}],"author":[{"embeddable":true,"href":"https:\/\/www.protv-repair.com\/lafuente\/dup\/wp-json\/wp\/v2\/users\/1"}],"replies":[{"embeddable":true,"href":"https:\/\/www.protv-repair.com\/lafuente\/dup\/wp-json\/wp\/v2\/comments?post=10"}],"version-history":[{"count":67,"href":"https:\/\/www.protv-repair.com\/lafuente\/dup\/wp-json\/wp\/v2\/pages\/10\/revisions"}],"predecessor-version":[{"id":359,"href":"https:\/\/www.protv-repair.com\/lafuente\/dup\/wp-json\/wp\/v2\/pages\/10\/revisions\/359"}],"wp:attachment":[{"href":"https:\/\/www.protv-repair.com\/lafuente\/dup\/wp-json\/wp\/v2\/media?parent=10"}],"curies":[{"name":"wp","href":"https:\/\/api.w.org\/{rel}","templated":true}]}}